{"id":301,"date":"2017-12-22T00:15:21","date_gmt":"2017-12-21T20:15:21","guid":{"rendered":"http:\/\/adilehuseynzadeh.com\/?page_id=301"},"modified":"2021-04-30T15:16:44","modified_gmt":"2021-04-30T11:16:44","slug":"press","status":"publish","type":"page","link":"https:\/\/adilehuseynzadeh.com\/ru\/press\/","title":{"rendered":"C\u0442\u0430\u0442\u044c\u0438"},"content":{"rendered":"<p>\u0417\u0434\u0435\u0441\u044c \u0432\u044b \u043c\u043e\u0436\u0435\u0442\u0435 \u043d\u0430\u0439\u0442\u0438 \u0440\u0430\u0437\u043b\u0438\u0447\u043d\u044b\u0435 \u043f\u0443\u0431\u043b\u0438\u043a\u0430\u0446\u0438\u0438 \u0432 \u043f\u0440\u0435\u0441\u0441\u0435 \u043e \u0410\u0434\u0438\u043b\u0435 \u0413\u0443\u0441\u0435\u0439\u043d\u0437\u0430\u0434\u0435:<\/p>\n<p>\u0421\u0442\u0430\u0442\u044c\u044f \u043d\u0430 \u0441\u0430\u0439\u0442\u0435 Trend.az<\/p>\n<p><a href=\"https:\/\/www.trend.az\/life\/culture\/3416921.html?fbclid=IwAR0D3pcXn1zd5UaRgcmozX0XFrcb2lbjrD-T1WDDq03c2jnNhXqi_pYyEqM\"><img loading=\"lazy\" decoding=\"async\" class=\"alignnone  wp-image-3099\" src=\"https:\/\/adilehuseynzadeh.com\/wp-content\/uploads\/2021\/04\/WhatsApp-Image-2021-04-30-at-15.09.52-158x300.jpeg\" alt=\"\" width=\"228\" height=\"433\" srcset=\"https:\/\/adilehuseynzadeh.com\/wp-content\/uploads\/2021\/04\/WhatsApp-Image-2021-04-30-at-15.09.52-158x300.jpeg 158w, https:\/\/adilehuseynzadeh.com\/wp-content\/uploads\/2021\/04\/WhatsApp-Image-2021-04-30-at-15.09.52.jpeg 540w\" sizes=\"(max-width: 228px) 100vw, 228px\" \/><\/a><\/p>\n<p>\u0421\u0442\u0430\u0442\u044c\u044f \u043f\u043e\u0441\u0432\u044f\u0449\u0435\u043d\u043d\u0430\u044f \u0410\u0434\u0438\u043b\u0435 \u0413\u0443\u0441\u0435\u0439\u043d\u0437\u0430\u0434\u0435 \u0432 42\u043c \u043d\u043e\u043c\u0435\u0440\u0435 \u0436\u0443\u0440\u043d\u0430\u043b\u0430 &#171;\u041d\u0430\u0440\u0433\u0438\u0441&#187;<\/p>\n<p><a href=\"https:\/\/adilehuseynzadeh.com\/wp-content\/uploads\/2020\/05\/Nargis-88-93.pdf\"><img loading=\"lazy\" decoding=\"async\" class=\"alignnone  wp-image-2953\" src=\"https:\/\/adilehuseynzadeh.com\/wp-content\/uploads\/2020\/05\/Nargis-88-93-1_page-0001-233x300.jpg\" alt=\"\" width=\"244\" height=\"314\" srcset=\"https:\/\/adilehuseynzadeh.com\/wp-content\/uploads\/2020\/05\/Nargis-88-93-1_page-0001-233x300.jpg 233w, https:\/\/adilehuseynzadeh.com\/wp-content\/uploads\/2020\/05\/Nargis-88-93-1_page-0001-797x1024.jpg 797w, https:\/\/adilehuseynzadeh.com\/wp-content\/uploads\/2020\/05\/Nargis-88-93-1_page-0001-768x987.jpg 768w, https:\/\/adilehuseynzadeh.com\/wp-content\/uploads\/2020\/05\/Nargis-88-93-1_page-0001-1195x1536.jpg 1195w, https:\/\/adilehuseynzadeh.com\/wp-content\/uploads\/2020\/05\/Nargis-88-93-1_page-0001.jpg 1241w\" sizes=\"(max-width: 244px) 100vw, 244px\" \/><\/a><\/p>\n<p>\u0418\u043d\u0442\u0435\u0440\u0432\u044c\u044e \u0425\u0430\u0439\u0430\u043c\u0430 \u041c\u0438\u0440\u0437\u0430\u0437\u0430\u0434\u0435 \u0438\u043d\u0442\u0435\u0440\u043d\u0435\u0442 \u0438\u0437\u0434\u0430\u043d\u0438\u044e trend.az \u043f\u043e\u0441\u0432\u044f\u0449\u0435\u043d\u043d\u043e\u0435 \u0410\u0434\u0438\u043b\u0435 \u0425\u0443\u0441\u0435\u0439\u043d\u0437\u0430\u0434\u0435<\/p>\n<p><a href=\"https:\/\/www.trend.az\/life\/interview\/1866368.html\"><img loading=\"lazy\" decoding=\"async\" class=\"alignnone size-medium wp-image-3002\" src=\"https:\/\/adilehuseynzadeh.com\/wp-content\/uploads\/2020\/05\/index-1-240x300.jpg\" alt=\"\" width=\"240\" height=\"300\" srcset=\"https:\/\/adilehuseynzadeh.com\/wp-content\/uploads\/2020\/05\/index-1-240x300.jpg 240w, https:\/\/adilehuseynzadeh.com\/wp-content\/uploads\/2020\/05\/index-1-819x1024.jpg 819w, https:\/\/adilehuseynzadeh.com\/wp-content\/uploads\/2020\/05\/index-1-768x960.jpg 768w, https:\/\/adilehuseynzadeh.com\/wp-content\/uploads\/2020\/05\/index-1.jpg 1080w\" sizes=\"(max-width: 240px) 100vw, 240px\" \/><\/a><\/p>\n<p>\u0421\u0442\u0430\u0442\u044c\u044f \u043e\u0431 \u0410\u0434\u0438\u043b\u0435 \u0413\u0443\u0441\u0435\u0439\u043d\u0437\u0430\u0434\u0435 \u0432 \u0436\u0443\u0440\u043d\u0430\u043b\u0435 &#171;\u0410\u0437\u0435\u0440\u0431\u0430\u0439\u0434\u0436\u0430\u043d&#187;<\/p>\n<p><a href=\"https:\/\/adilehuseynzadeh.com\/wp-content\/uploads\/2020\/05\/Azerbaycan-jurnali.pdf\"><img loading=\"lazy\" decoding=\"async\" class=\"alignnone  wp-image-2999\" src=\"https:\/\/adilehuseynzadeh.com\/wp-content\/uploads\/2020\/05\/Azerbaycan-jurnali_page-0001-212x300.jpg\" alt=\"\" width=\"249\" height=\"352\" srcset=\"https:\/\/adilehuseynzadeh.com\/wp-content\/uploads\/2020\/05\/Azerbaycan-jurnali_page-0001-212x300.jpg 212w, https:\/\/adilehuseynzadeh.com\/wp-content\/uploads\/2020\/05\/Azerbaycan-jurnali_page-0001-724x1024.jpg 724w, https:\/\/adilehuseynzadeh.com\/wp-content\/uploads\/2020\/05\/Azerbaycan-jurnali_page-0001-768x1086.jpg 768w, https:\/\/adilehuseynzadeh.com\/wp-content\/uploads\/2020\/05\/Azerbaycan-jurnali_page-0001-1086x1536.jpg 1086w, https:\/\/adilehuseynzadeh.com\/wp-content\/uploads\/2020\/05\/Azerbaycan-jurnali_page-0001.jpg 1240w\" sizes=\"(max-width: 249px) 100vw, 249px\" \/><\/a><\/p>\n<p>\u0413\u0430\u0437\u0435\u0442\u0430 &#171;\u041a\u0430\u0441\u043f\u0438\u0439&#187; (3-5 \u0418\u044e\u043b\u044f 2004 \u0433)<\/p>\n<p><a href=\"https:\/\/adilehuseynzadeh.com\/wp-content\/uploads\/2017\/12\/fiery_bw_002.pdf\"><img loading=\"lazy\" decoding=\"async\" class=\"alignnone  wp-image-3038\" src=\"https:\/\/adilehuseynzadeh.com\/wp-content\/uploads\/2020\/12\/fiery_bw_002_page-0001-300x212.jpg\" alt=\"\" width=\"249\" height=\"176\" srcset=\"https:\/\/adilehuseynzadeh.com\/wp-content\/uploads\/2020\/12\/fiery_bw_002_page-0001-300x212.jpg 300w, https:\/\/adilehuseynzadeh.com\/wp-content\/uploads\/2020\/12\/fiery_bw_002_page-0001-1024x724.jpg 1024w, https:\/\/adilehuseynzadeh.com\/wp-content\/uploads\/2020\/12\/fiery_bw_002_page-0001-768x543.jpg 768w, https:\/\/adilehuseynzadeh.com\/wp-content\/uploads\/2020\/12\/fiery_bw_002_page-0001-1536x1086.jpg 1536w, https:\/\/adilehuseynzadeh.com\/wp-content\/uploads\/2020\/12\/fiery_bw_002_page-0001-2048x1448.jpg 2048w\" sizes=\"(max-width: 249px) 100vw, 249px\" \/><\/a><\/p>\n<p>525-\u044f \u0433\u0430\u0437\u0435\u0442\u0430 (25 \u0430\u0432\u0433\u0443\u0441\u0442\u0430 2004 \u0433)<\/p>\n<p><a href=\"https:\/\/adilehuseynzadeh.com\/wp-content\/uploads\/2020\/12\/fiery_bw_003_page-0001.pdf\"><img loading=\"lazy\" decoding=\"async\" class=\"alignnone  wp-image-3040\" src=\"https:\/\/adilehuseynzadeh.com\/wp-content\/uploads\/2020\/12\/fiery_bw_003_page-0001-212x300.jpg\" alt=\"\" width=\"250\" height=\"354\" srcset=\"https:\/\/adilehuseynzadeh.com\/wp-content\/uploads\/2020\/12\/fiery_bw_003_page-0001-212x300.jpg 212w, https:\/\/adilehuseynzadeh.com\/wp-content\/uploads\/2020\/12\/fiery_bw_003_page-0001-724x1024.jpg 724w, https:\/\/adilehuseynzadeh.com\/wp-content\/uploads\/2020\/12\/fiery_bw_003_page-0001-768x1086.jpg 768w, https:\/\/adilehuseynzadeh.com\/wp-content\/uploads\/2020\/12\/fiery_bw_003_page-0001-1086x1536.jpg 1086w, https:\/\/adilehuseynzadeh.com\/wp-content\/uploads\/2020\/12\/fiery_bw_003_page-0001-1448x2048.jpg 1448w, https:\/\/adilehuseynzadeh.com\/wp-content\/uploads\/2020\/12\/fiery_bw_003_page-0001-rotated.jpg 1755w\" sizes=\"(max-width: 250px) 100vw, 250px\" \/><\/a><\/p>\n<p>\u0413\u043e\u0431\u0443\u0441\u0442\u0430\u043d (1977 \u0433)<\/p>\n<p><a href=\"https:\/\/adilehuseynzadeh.com\/wp-content\/uploads\/2017\/12\/fiery_bw_-1.pdf\"><img loading=\"lazy\" decoding=\"async\" class=\"alignnone  wp-image-3045\" src=\"https:\/\/adilehuseynzadeh.com\/wp-content\/uploads\/2020\/12\/fiery_bw_-1_page-0001-300x212.jpg\" alt=\"\" width=\"262\" height=\"185\" srcset=\"https:\/\/adilehuseynzadeh.com\/wp-content\/uploads\/2020\/12\/fiery_bw_-1_page-0001-300x212.jpg 300w, https:\/\/adilehuseynzadeh.com\/wp-content\/uploads\/2020\/12\/fiery_bw_-1_page-0001-1024x725.jpg 1024w, https:\/\/adilehuseynzadeh.com\/wp-content\/uploads\/2020\/12\/fiery_bw_-1_page-0001-768x544.jpg 768w, https:\/\/adilehuseynzadeh.com\/wp-content\/uploads\/2020\/12\/fiery_bw_-1_page-0001-1536x1087.jpg 1536w, https:\/\/adilehuseynzadeh.com\/wp-content\/uploads\/2020\/12\/fiery_bw_-1_page-0001.jpg 1755w\" sizes=\"(max-width: 262px) 100vw, 262px\" \/><\/a><\/p>\n<p>\u041c\u0438\u0440 \u041c\u0443\u0437\u044b\u043a\u0438 (2006 \u0433)<\/p>\n<p><a href=\"https:\/\/adilehuseynzadeh.com\/wp-content\/uploads\/2017\/12\/fiery_bw_004.pdf\"><img loading=\"lazy\" decoding=\"async\" class=\"alignnone  wp-image-3047\" src=\"https:\/\/adilehuseynzadeh.com\/wp-content\/uploads\/2020\/12\/fiery_bw_004_page-0001-212x300.jpg\" alt=\"\" width=\"247\" height=\"349\" srcset=\"https:\/\/adilehuseynzadeh.com\/wp-content\/uploads\/2020\/12\/fiery_bw_004_page-0001-212x300.jpg 212w, https:\/\/adilehuseynzadeh.com\/wp-content\/uploads\/2020\/12\/fiery_bw_004_page-0001-725x1024.jpg 725w, https:\/\/adilehuseynzadeh.com\/wp-content\/uploads\/2020\/12\/fiery_bw_004_page-0001-768x1085.jpg 768w, https:\/\/adilehuseynzadeh.com\/wp-content\/uploads\/2020\/12\/fiery_bw_004_page-0001-1087x1536.jpg 1087w, https:\/\/adilehuseynzadeh.com\/wp-content\/uploads\/2020\/12\/fiery_bw_004_page-0001.jpg 1242w\" sizes=\"(max-width: 247px) 100vw, 247px\" \/><\/a><\/p>\n<p>\u0413\u0430\u0437\u0435\u0442\u0430 &#171;\u0417\u0435\u0440\u043a\u0430\u043b\u043e&#187; (2011 \u0433)<\/p>\n<p><a href=\"https:\/\/adilehuseynzadeh.com\/wp-content\/uploads\/2017\/12\/pdf195.pdf\"><img loading=\"lazy\" decoding=\"async\" class=\"alignnone size-medium wp-image-3051\" src=\"https:\/\/adilehuseynzadeh.com\/wp-content\/uploads\/2020\/12\/pdf195_page-0001-300x212.jpg\" alt=\"\" width=\"300\" height=\"212\" srcset=\"https:\/\/adilehuseynzadeh.com\/wp-content\/uploads\/2020\/12\/pdf195_page-0001-300x212.jpg 300w, https:\/\/adilehuseynzadeh.com\/wp-content\/uploads\/2020\/12\/pdf195_page-0001-1024x724.jpg 1024w, https:\/\/adilehuseynzadeh.com\/wp-content\/uploads\/2020\/12\/pdf195_page-0001-768x543.jpg 768w, https:\/\/adilehuseynzadeh.com\/wp-content\/uploads\/2020\/12\/pdf195_page-0001-1536x1086.jpg 1536w, https:\/\/adilehuseynzadeh.com\/wp-content\/uploads\/2020\/12\/pdf195_page-0001-2048x1448.jpg 2048w\" sizes=\"(max-width: 300px) 100vw, 300px\" \/><\/a><\/p>\n<p>\u0413\u0430\u0437\u0435\u0442\u0430 &#171;\u041d\u0430\u0443\u043a\u0430, \u041a\u0443\u043b\u044c\u0442\u0443\u0440\u0430 \u0438 \u0418\u0441\u043a\u0443\u0441\u0441\u0442\u0432\u043e&#187; (2009 \u0433)<\/p>\n<p><a href=\"https:\/\/adilehuseynzadeh.com\/wp-content\/uploads\/2017\/12\/pdf196.pdf\"><img loading=\"lazy\" decoding=\"async\" class=\"alignnone  wp-image-3053\" src=\"https:\/\/adilehuseynzadeh.com\/wp-content\/uploads\/2020\/12\/pdf196_page-0001-212x300.jpg\" alt=\"\" width=\"289\" height=\"409\" srcset=\"https:\/\/adilehuseynzadeh.com\/wp-content\/uploads\/2020\/12\/pdf196_page-0001-212x300.jpg 212w, https:\/\/adilehuseynzadeh.com\/wp-content\/uploads\/2020\/12\/pdf196_page-0001-724x1024.jpg 724w, https:\/\/adilehuseynzadeh.com\/wp-content\/uploads\/2020\/12\/pdf196_page-0001-768x1086.jpg 768w, https:\/\/adilehuseynzadeh.com\/wp-content\/uploads\/2020\/12\/pdf196_page-0001-1086x1536.jpg 1086w, https:\/\/adilehuseynzadeh.com\/wp-content\/uploads\/2020\/12\/pdf196_page-0001.jpg 1241w\" sizes=\"(max-width: 289px) 100vw, 289px\" \/><\/a><\/p>\n<p>\u0416\u0443\u0440\u043d\u0430\u043b &#171;\u0410\u0437\u0435\u0440\u0431\u0430\u0439\u0434\u0436\u0430\u043d\u0441\u043a\u0430\u044f \u0416\u0435\u043d\u0449\u0438\u043d\u0430&#187;<\/p>\n<p><a href=\"https:\/\/adilehuseynzadeh.com\/wp-content\/uploads\/2017\/12\/fiery_bw_001-1.pdf\"><img loading=\"lazy\" decoding=\"async\" class=\"alignnone  wp-image-3057\" src=\"https:\/\/adilehuseynzadeh.com\/wp-content\/uploads\/2020\/12\/fiery_bw_001-1_page-0001-212x300.jpg\" alt=\"\" width=\"273\" height=\"386\" srcset=\"https:\/\/adilehuseynzadeh.com\/wp-content\/uploads\/2020\/12\/fiery_bw_001-1_page-0001-212x300.jpg 212w, https:\/\/adilehuseynzadeh.com\/wp-content\/uploads\/2020\/12\/fiery_bw_001-1_page-0001-725x1024.jpg 725w, https:\/\/adilehuseynzadeh.com\/wp-content\/uploads\/2020\/12\/fiery_bw_001-1_page-0001-768x1085.jpg 768w, https:\/\/adilehuseynzadeh.com\/wp-content\/uploads\/2020\/12\/fiery_bw_001-1_page-0001-1087x1536.jpg 1087w, https:\/\/adilehuseynzadeh.com\/wp-content\/uploads\/2020\/12\/fiery_bw_001-1_page-0001.jpg 1242w\" sizes=\"(max-width: 273px) 100vw, 273px\" \/><\/a><\/p>\n<p><a title=\"Pdf190\" href=\"https:\/\/adilehuseynzadeh.com\/wp-content\/uploads\/2017\/12\/pdf190.pdf\">&#171;Sovet qad\u0131n\u0131&#187; jurnal\u0131<\/a><\/p>\n<p><a title=\"Pdf191\" href=\"https:\/\/adilehuseynzadeh.com\/wp-content\/uploads\/2017\/12\/pdf191.pdf\">Pdf191<\/a><\/p>\n\n\n<p><\/p>\n","protected":false},"excerpt":{"rendered":"<div class=\"mh-excerpt\"><p>\u0417\u0434\u0435\u0441\u044c \u0432\u044b \u043c\u043e\u0436\u0435\u0442\u0435 \u043d\u0430\u0439\u0442\u0438 \u0440\u0430\u0437\u043b\u0438\u0447\u043d\u044b\u0435 \u043f\u0443\u0431\u043b\u0438\u043a\u0430\u0446\u0438\u0438 \u0432 \u043f\u0440\u0435\u0441\u0441\u0435 \u043e \u0410\u0434\u0438\u043b\u0435 \u0413\u0443\u0441\u0435\u0439\u043d\u0437\u0430\u0434\u0435: \u0421\u0442\u0430\u0442\u044c\u044f \u043d\u0430 \u0441\u0430\u0439\u0442\u0435 Trend.az \u0421\u0442\u0430\u0442\u044c\u044f \u043f\u043e\u0441\u0432\u044f\u0449\u0435\u043d\u043d\u0430\u044f \u0410\u0434\u0438\u043b\u0435 \u0413\u0443\u0441\u0435\u0439\u043d\u0437\u0430\u0434\u0435 \u0432 42\u043c \u043d\u043e\u043c\u0435\u0440\u0435 \u0436\u0443\u0440\u043d\u0430\u043b\u0430 &#171;\u041d\u0430\u0440\u0433\u0438\u0441&#187; \u0418\u043d\u0442\u0435\u0440\u0432\u044c\u044e <a class=\"mh-excerpt-more\" href=\"https:\/\/adilehuseynzadeh.com\/ru\/press\/\" title=\"C\u0442\u0430\u0442\u044c\u0438\">[&#8230;]<\/a><\/p>\n<\/div>","protected":false},"author":1,"featured_media":0,"parent":0,"menu_order":0,"comment_status":"registered_only","ping_status":"closed","template":"","meta":{"footnotes":""},"_links":{"self":[{"href":"https:\/\/adilehuseynzadeh.com\/ru\/wp-json\/wp\/v2\/pages\/301"}],"collection":[{"href":"https:\/\/adilehuseynzadeh.com\/ru\/wp-json\/wp\/v2\/pages"}],"about":[{"href":"https:\/\/adilehuseynzadeh.com\/ru\/wp-json\/wp\/v2\/types\/page"}],"author":[{"embeddable":true,"href":"https:\/\/adilehuseynzadeh.com\/ru\/wp-json\/wp\/v2\/users\/1"}],"replies":[{"embeddable":true,"href":"https:\/\/adilehuseynzadeh.com\/ru\/wp-json\/wp\/v2\/comments?post=301"}],"version-history":[{"count":29,"href":"https:\/\/adilehuseynzadeh.com\/ru\/wp-json\/wp\/v2\/pages\/301\/revisions"}],"predecessor-version":[{"id":3102,"href":"https:\/\/adilehuseynzadeh.com\/ru\/wp-json\/wp\/v2\/pages\/301\/revisions\/3102"}],"wp:attachment":[{"href":"https:\/\/adilehuseynzadeh.com\/ru\/wp-json\/wp\/v2\/media?parent=301"}],"curies":[{"name":"wp","href":"https:\/\/api.w.org\/{rel}","templated":true}]}}