{"id":318,"date":"2018-04-05T11:00:54","date_gmt":"2018-04-05T07:00:54","guid":{"rendered":"http:\/\/adilehuseynzadeh.com\/?page_id=318"},"modified":"2023-05-06T22:57:20","modified_gmt":"2023-05-06T18:57:20","slug":"videos","status":"publish","type":"page","link":"https:\/\/adilehuseynzadeh.com\/en\/videos\/","title":{"rendered":"Videos"},"content":{"rendered":"\n<p><\/p>\n\n\n<p>\u00a0<\/p>\n<div style=\"width: 720px;\" class=\"wp-video\"><!--[if lt IE 9]><script>document.createElement('video');<\/script><![endif]-->\n<video class=\"wp-video-shortcode\" id=\"video-318-1\" width=\"720\" height=\"720\" preload=\"metadata\" controls=\"controls\"><source type=\"video\/mp4\" src=\"https:\/\/adilehuseynzadeh.com\/wp-content\/uploads\/2023\/05\/B\u0259st\u0259karliq-t\u0259hsili-almis-ilk-az\u0259rbaycanli-qadin-\u2013-\u018fdil\u0259-Huseynzad\u0259-1.mp4?_=1\" \/><a href=\"https:\/\/adilehuseynzadeh.com\/wp-content\/uploads\/2023\/05\/B\u0259st\u0259karliq-t\u0259hsili-almis-ilk-az\u0259rbaycanli-qadin-\u2013-\u018fdil\u0259-Huseynzad\u0259-1.mp4\">https:\/\/adilehuseynzadeh.com\/wp-content\/uploads\/2023\/05\/B\u0259st\u0259karliq-t\u0259hsili-almis-ilk-az\u0259rbaycanli-qadin-\u2013-\u018fdil\u0259-Huseynzad\u0259-1.mp4<\/a><\/video><\/div>\n<p><iframe loading=\"lazy\" title=\"Adila Huseynzade - M\u0259nim arzum (My dream)\" width=\"500\" height=\"281\" src=\"https:\/\/www.youtube.com\/embed\/OJ1DL2cckkA?feature=oembed\" frameborder=\"0\" allow=\"accelerometer; autoplay; clipboard-write; encrypted-media; gyroscope; picture-in-picture; web-share\" allowfullscreen><\/iframe><\/p>\n<p><iframe loading=\"lazy\" title=\"\u018fdil\u0259 H\u00fcseynzad\u0259 - Yen\u0259, yen\u0259 \u00fcr\u0259k haqq\u0131nda\" width=\"500\" height=\"281\" src=\"https:\/\/www.youtube.com\/embed\/O7BjC0SFzW4?feature=oembed\" frameborder=\"0\" allow=\"accelerometer; autoplay; clipboard-write; encrypted-media; gyroscope; picture-in-picture; web-share\" allowfullscreen><\/iframe><\/p>\n<p><iframe loading=\"lazy\" title=\"R\u0259hil\u0259 Cabbarova  - Mehriban ana (B\u0259st\u0259kar: \u018fdil\u0259 H\u00fcseynzad\u0259)\" width=\"500\" height=\"281\" src=\"https:\/\/www.youtube.com\/embed\/sXBfDD02T7I?feature=oembed\" frameborder=\"0\" allow=\"accelerometer; autoplay; clipboard-write; encrypted-media; gyroscope; picture-in-picture; web-share\" allowfullscreen><\/iframe><\/p>\n<p><iframe loading=\"lazy\" title=\"\u0130lham N\u0259z\u0259rov - V\u0259slin h\u0259v\u0259si\" width=\"500\" height=\"375\" src=\"https:\/\/www.youtube.com\/embed\/yWDWIqSYivA?feature=oembed\" frameborder=\"0\" allow=\"accelerometer; autoplay; clipboard-write; encrypted-media; gyroscope; picture-in-picture; web-share\" allowfullscreen><\/iframe><\/p>\n<p><iframe loading=\"lazy\" title=\"F\u0259rid\u0259 M\u0259mm\u0259dova -  M\u0259nim arzum  (B\u0259st\u0259kar - \u018fdil\u0259 H\u00fcseynzad\u0259)\" width=\"500\" height=\"281\" src=\"https:\/\/www.youtube.com\/embed\/xAXq2P-n6eM?feature=oembed\" frameborder=\"0\" allow=\"accelerometer; autoplay; clipboard-write; encrypted-media; gyroscope; picture-in-picture; web-share\" allowfullscreen><\/iframe><\/p>\n<p>\u200b<\/p>\n<p><iframe loading=\"lazy\" title=\"G\u00fclnaz \u0130smay\u0131lova - Bahar (B\u0259st\u0259kar: \u018fdil\u0259 H\u00fcseynzad\u0259)\" width=\"500\" height=\"281\" src=\"https:\/\/www.youtube.com\/embed\/Jxk1DSKrk3k?feature=oembed\" frameborder=\"0\" allow=\"accelerometer; autoplay; clipboard-write; encrypted-media; gyroscope; picture-in-picture; web-share\" allowfullscreen><\/iframe><\/p>\n<p><iframe loading=\"lazy\" title=\"G\u00fclnaz \u0130smay\u0131lova - Yat, m\u0259nim g\u00fcl balam (B\u0259st\u0259kar: \u018fdil\u0259 H\u00fcseynzad\u0259)\" width=\"500\" height=\"281\" src=\"https:\/\/www.youtube.com\/embed\/caD6GJHfXPw?feature=oembed\" frameborder=\"0\" allow=\"accelerometer; autoplay; clipboard-write; encrypted-media; gyroscope; picture-in-picture; web-share\" allowfullscreen><\/iframe><\/p>\n<p><iframe loading=\"lazy\" title=\"F\u0259rid\u0259 M\u0259mm\u0259dova -  G\u00f6zl\u0259rin mat\u0259mi Hirosima  (B\u0259st\u0259kar - \u018fdil\u0259 H\u00fcseynzad\u0259)\" width=\"500\" height=\"281\" src=\"https:\/\/www.youtube.com\/embed\/FRvdyLtklRs?feature=oembed\" frameborder=\"0\" allow=\"accelerometer; autoplay; clipboard-write; encrypted-media; gyroscope; picture-in-picture; web-share\" allowfullscreen><\/iframe><\/p>\n<p>\u00a0<\/p>\n<p><iframe loading=\"lazy\" title=\"Simli kvartet (B\u0259st\u0259kar: \u018fdil\u0259 H\u00fcseynzad\u0259)\" width=\"500\" height=\"281\" src=\"https:\/\/www.youtube.com\/embed\/qlAE9UXGz48?feature=oembed\" frameborder=\"0\" allow=\"accelerometer; autoplay; clipboard-write; encrypted-media; gyroscope; picture-in-picture; web-share\" allowfullscreen><\/iframe><\/p>\n<p><iframe loading=\"lazy\" title=\"M\u0259d\u0259niyy\u0259t tv. \u0130lk Qad\u0131n b\u0259st\u0259karlar haqq\u0131nda &quot;Musiqi x\u0259zin\u0259si&quot; verili\u015fi (08.07.2021)\" width=\"500\" height=\"281\" src=\"https:\/\/www.youtube.com\/embed\/3Ynl51tEtbo?feature=oembed\" frameborder=\"0\" allow=\"accelerometer; autoplay; clipboard-write; encrypted-media; gyroscope; picture-in-picture; web-share\" allowfullscreen><\/iframe><\/p>\n<p><iframe loading=\"lazy\" title=\"Bizi birl\u0259\u015fdir\u0259n M\u0259d\u0259niyy\u0259t verili\u015fi (B\u0259st\u0259kar \u018fdil\u0259 H\u00fcseynzad\u0259nin 105 illiyin\u0259 h\u0259sr edilib)\" width=\"500\" height=\"281\" src=\"https:\/\/www.youtube.com\/embed\/hkg4obqDBoA?feature=oembed\" frameborder=\"0\" allow=\"accelerometer; autoplay; clipboard-write; encrypted-media; gyroscope; picture-in-picture; web-share\" allowfullscreen><\/iframe><\/p>\n<p><iframe loading=\"lazy\" title=\"Fortepiano \u00fc\u00e7\u00fcn Fuqa - B\u0259st\u0259kar: \u018fdil\u0259 H\u00fcseynzad\u0259\" width=\"500\" height=\"281\" src=\"https:\/\/www.youtube.com\/embed\/wOeoKieX0DY?feature=oembed\" frameborder=\"0\" allow=\"accelerometer; autoplay; clipboard-write; encrypted-media; gyroscope; picture-in-picture; web-share\" allowfullscreen><\/iframe><\/p>\n<p>\u00a0<\/p>\n<p><iframe loading=\"lazy\" title=\"Fidan Hac\u0131yeva - G\u00f6zl\u0259rin mat\u0259mi, Hirosima (B\u0259st\u0259kar - \u018fdil\u0259 H\u00fcseynzad\u0259)\" width=\"500\" height=\"281\" src=\"https:\/\/www.youtube.com\/embed\/p0DQCRp3aQE?feature=oembed\" frameborder=\"0\" allow=\"accelerometer; autoplay; clipboard-write; encrypted-media; gyroscope; picture-in-picture; web-share\" allowfullscreen><\/iframe><\/p>\n<p><iframe loading=\"lazy\" title=\"Fidan Hac\u0131yeva - Yadigar (B\u0259st\u0259kar: \u018fdil\u0259 H\u00fcseynzad\u0259)\" width=\"500\" height=\"281\" src=\"https:\/\/www.youtube.com\/embed\/IGNSmcsFN48?feature=oembed\" frameborder=\"0\" allow=\"accelerometer; autoplay; clipboard-write; encrypted-media; gyroscope; picture-in-picture; web-share\" allowfullscreen><\/iframe><\/p>\n<p>\u00a0<\/p>\n<p><iframe loading=\"lazy\" title=\"\u00dczeyir Hac\u0131b\u0259yli \u00f6z t\u0259l\u0259b\u0259l\u0259ri il\u0259. 1945-ci il.\" width=\"500\" height=\"375\" src=\"https:\/\/www.youtube.com\/embed\/3UNkOAyWrZk?feature=oembed\" frameborder=\"0\" allow=\"accelerometer; autoplay; clipboard-write; encrypted-media; gyroscope; picture-in-picture; web-share\" allowfullscreen><\/iframe><\/p>\n<p>\u00a0<\/p>\n<p><iframe loading=\"lazy\" title=\"Rauf Ad\u0131g\u00f6z\u0259lov - O g\u00f6z\u00fc ceyran (B\u0259st\u0259kar: \u018fdil\u0259 H\u00fcseynzad\u0259)\" width=\"500\" height=\"281\" src=\"https:\/\/www.youtube.com\/embed\/rnh4rliMEAg?feature=oembed\" frameborder=\"0\" allow=\"accelerometer; autoplay; clipboard-write; encrypted-media; gyroscope; picture-in-picture; web-share\" allowfullscreen><\/iframe><\/p>\n<p>\u00a0<\/p>\n<p><iframe loading=\"lazy\" title=\"B\u00fclb\u00fcl - V\u0259slin h\u0259v\u0259si (B\u0259st\u0259kar: \u018fdil\u0259 H\u00fcseynzad\u0259)\" width=\"500\" height=\"281\" src=\"https:\/\/www.youtube.com\/embed\/Jkp6Q1crqkE?feature=oembed\" frameborder=\"0\" allow=\"accelerometer; autoplay; clipboard-write; encrypted-media; gyroscope; picture-in-picture; web-share\" allowfullscreen><\/iframe><\/p>\n<p>\u00a0<\/p>\n<p><iframe loading=\"lazy\" title=\"B\u0259st\u0259kar \u018fdil\u0259 H\u00fcseynzad\u0259nin \u0259s\u0259rl\u0259rind\u0259n ibar\u0259t konsertin tan\u0131t\u0131m roliki (Paris, 04.06.2019)\" width=\"500\" height=\"281\" src=\"https:\/\/www.youtube.com\/embed\/MyjH1EpJ5Zk?start=6&#038;feature=oembed\" frameborder=\"0\" allow=\"accelerometer; autoplay; clipboard-write; encrypted-media; gyroscope; picture-in-picture; web-share\" allowfullscreen><\/iframe><\/p>\n<p>\u00a0<\/p>\n<p><iframe loading=\"lazy\" title=\"AZTV-nin efirind\u0259 &quot;Birincil\u0259r&quot; televiziya verili\u015fi (B\u0259st\u0259kar \u018fdil\u0259 H\u00fcseynzad\u0259 haqq\u0131nda)\" width=\"500\" height=\"281\" src=\"https:\/\/www.youtube.com\/embed\/Zc6ZmVd5yqY?start=7&#038;feature=oembed\" frameborder=\"0\" allow=\"accelerometer; autoplay; clipboard-write; encrypted-media; gyroscope; picture-in-picture; web-share\" allowfullscreen><\/iframe><\/p>\n<p>\u00a0<\/p>\n<p><iframe loading=\"lazy\" title=\"Fidan Hac\u0131yeva -  O g\u00f6z\u00fc ceyran (B\u0259st\u0259kar: \u018fdil\u0259 H\u00fcseynzad\u0259)\" width=\"500\" height=\"281\" src=\"https:\/\/www.youtube.com\/embed\/AB5-GEAILiA?feature=oembed\" frameborder=\"0\" allow=\"accelerometer; autoplay; clipboard-write; encrypted-media; gyroscope; picture-in-picture; web-share\" allowfullscreen><\/iframe><\/p>\n<p>\u00a0<\/p>\n<p><iframe loading=\"lazy\" title=\"Adile Huseynzade - Yashamaq (To live)\" width=\"500\" height=\"281\" src=\"https:\/\/www.youtube.com\/embed\/ofNniIWmDPc?start=8&#038;feature=oembed\" frameborder=\"0\" allow=\"accelerometer; autoplay; clipboard-write; encrypted-media; gyroscope; picture-in-picture; web-share\" allowfullscreen><\/iframe><\/p>\n<p>\u00a0<\/p>\n<p><iframe loading=\"lazy\" title=\"Simli Kvartet (b\u0259st\u0259kar: \u018fdil\u0259 H\u00fcseynzad\u0259, 1951-ci il)\" width=\"500\" height=\"281\" src=\"https:\/\/www.youtube.com\/embed\/INmYYteoLCM?start=917&#038;feature=oembed\" frameborder=\"0\" allow=\"accelerometer; autoplay; clipboard-write; encrypted-media; gyroscope; picture-in-picture; web-share\" allowfullscreen><\/iframe><\/p>\n<p>\u00a0<\/p>\n<p><iframe loading=\"lazy\" title=\"G\u00fcla\u011fa M\u0259mm\u0259dov - Yadigar (B\u0259st\u0259kar: Edile Huseynzade)\" width=\"500\" height=\"281\" src=\"https:\/\/www.youtube.com\/embed\/MkLILU1T2Kg?feature=oembed\" frameborder=\"0\" allow=\"accelerometer; autoplay; clipboard-write; encrypted-media; gyroscope; picture-in-picture; web-share\" allowfullscreen><\/iframe><\/p>\n<p>\u00a0<\/p>\n<p><iframe loading=\"lazy\" title=\"Fidan Hac\u0131yeva - B\u00fclb\u00fcl (B\u0259st\u0259kar: \u018fdil\u0259 H\u00fcseynzad\u0259)\" width=\"500\" height=\"375\" src=\"https:\/\/www.youtube.com\/embed\/AG8WmOjlgtg?feature=oembed\" frameborder=\"0\" allow=\"accelerometer; autoplay; clipboard-write; encrypted-media; gyroscope; picture-in-picture; web-share\" allowfullscreen><\/iframe><\/p>\n<p>\u00a0<\/p>\n<p><iframe loading=\"lazy\" title=\"Z\u00fcmr\u00fcd Dada\u015fzad\u0259: \u201cM\u0259h\u0259bb\u0259tl\u0259 do\u011fulmu\u015fam. \u018fdil\u0259 H\u00fcseynzad\u0259\u201d kitab\u0131n\u0131n t\u0259qdimat\u0131\" width=\"500\" height=\"281\" src=\"https:\/\/www.youtube.com\/embed\/i0ozV2bIdMA?feature=oembed\" frameborder=\"0\" allow=\"accelerometer; autoplay; clipboard-write; encrypted-media; gyroscope; picture-in-picture; web-share\" allowfullscreen><\/iframe><\/p>\n<p>\u00a0<\/p>\n<p><iframe loading=\"lazy\" title=\"Ey v\u0259t\u0259n (xor \u0259s\u0259ri) - B\u0259st\u0259kar: \u018fdil\u0259 H\u00fcseynzad\u0259\" width=\"500\" height=\"281\" src=\"https:\/\/www.youtube.com\/embed\/QpEo6MAKPMw?start=4&#038;feature=oembed\" frameborder=\"0\" allow=\"accelerometer; autoplay; clipboard-write; encrypted-media; gyroscope; picture-in-picture; web-share\" allowfullscreen><\/iframe><\/p>\n<p>\u00a0<\/p>\n<p><iframe loading=\"lazy\" title=\"G\u00f6z\u0259l v\u0259t\u0259n (xor \u0259s\u0259ri) - B\u0259st\u0259kar: \u018fdil\u0259 H\u00fcseynzad\u0259\" width=\"500\" height=\"281\" src=\"https:\/\/www.youtube.com\/embed\/zVIAP7ttdFo?feature=oembed\" frameborder=\"0\" allow=\"accelerometer; autoplay; clipboard-write; encrypted-media; gyroscope; picture-in-picture; web-share\" allowfullscreen><\/iframe><\/p>\n<p>\u00a0<\/p>\n<p><iframe loading=\"lazy\" title=\"\u015e\u00f6vk\u0259t \u018fl\u0259kb\u0259rova - \u018fziz ana (B\u0259st\u0259kar: \u018fdil\u0259 H\u00fcseynzad\u0259)\" width=\"500\" height=\"281\" src=\"https:\/\/www.youtube.com\/embed\/5ubXjOENllo?start=3&#038;feature=oembed\" frameborder=\"0\" allow=\"accelerometer; autoplay; clipboard-write; encrypted-media; gyroscope; picture-in-picture; web-share\" allowfullscreen><\/iframe><\/p>\n<p>\u00a0<\/p>\n<p><iframe loading=\"lazy\" title=\"Violon\u00e7el v\u0259 fortepiano \u00fc\u00e7\u00fcn Sonatina (Sonatina for Cello and Piano) - B\u0259st\u0259kar: \u018fdil\u0259 H\u00fcseynzad\u0259\" width=\"500\" height=\"281\" src=\"https:\/\/www.youtube.com\/embed\/l_C0fIDjr-A?feature=oembed\" frameborder=\"0\" allow=\"accelerometer; autoplay; clipboard-write; encrypted-media; gyroscope; picture-in-picture; web-share\" allowfullscreen><\/iframe><\/p>\n<p>\u00a0<\/p>\n<p><iframe loading=\"lazy\" title=\"Ar\u015f\u0131n mal alan filmind\u0259n (1945) Asyan\u0131n vokal partiyas\u0131  (S\u0259sl\u0259ndirib - \u018fdil\u0259 xan\u0131m H\u00fcseynzad\u0259)\" width=\"500\" height=\"281\" src=\"https:\/\/www.youtube.com\/embed\/Lodhlv2Sfg4?feature=oembed\" frameborder=\"0\" allow=\"accelerometer; autoplay; clipboard-write; encrypted-media; gyroscope; picture-in-picture; web-share\" allowfullscreen><\/iframe><\/p>\n<p>\u00a0<\/p>\n<p><iframe loading=\"lazy\" title=\"B\u0259st\u0259kar, \u018fm\u0259kdar \u0130nc\u0259s\u0259n\u0259t Xadimi \u018fdil\u0259 H\u00fcseynzad\u0259nin \u0259s\u0259rl\u0259rind\u0259n ibar\u0259t konsert (Bak\u0131,06.05.2018)\" width=\"500\" height=\"281\" src=\"https:\/\/www.youtube.com\/embed\/Vp2nYJwH7vw?start=1&#038;feature=oembed\" frameborder=\"0\" allow=\"accelerometer; autoplay; clipboard-write; encrypted-media; gyroscope; picture-in-picture; web-share\" allowfullscreen><\/iframe><\/p>\n<p>\u00a0<\/p>\n<p><iframe loading=\"lazy\" title=\"B\u0259st\u0259kar, \u018fm\u0259kdar \u0130nc\u0259s\u0259n\u0259t Xadimi \u018fdil\u0259 H\u00fcseynzad\u0259nin \u0259s\u0259rl\u0259rind\u0259n ibar\u0259t konsert (London,16.05.18)\" width=\"500\" height=\"281\" src=\"https:\/\/www.youtube.com\/embed\/1wGtI_KEyW4?start=33&#038;feature=oembed\" frameborder=\"0\" allow=\"accelerometer; autoplay; clipboard-write; encrypted-media; gyroscope; picture-in-picture; web-share\" allowfullscreen><\/iframe><\/p>\n<p>\u00a0<\/p>\n<p><iframe loading=\"lazy\" title=\"B\u0259st\u0259kar \u018fdil\u0259 H\u00fcseynzad\u0259nin \u0259s\u0259rl\u0259rind\u0259n ibar\u0259t konsert (Paris, 04.06.2019)\" width=\"500\" height=\"281\" src=\"https:\/\/www.youtube.com\/embed\/Y8yYZJakV9I?feature=oembed\" frameborder=\"0\" allow=\"accelerometer; autoplay; clipboard-write; encrypted-media; gyroscope; picture-in-picture; web-share\" allowfullscreen><\/iframe><\/p>\n<p>\u00a0<\/p>\n<p><iframe loading=\"lazy\" title=\"B\u0259st\u0259kar \u018fdil\u0259 H\u00fcseynzad\u0259nin 100 illiyi m\u00fcnasib\u0259til\u0259 ke\u00e7iril\u0259n yubiley gec\u0259si (Bak\u0131, 30.04.2016)\" width=\"500\" height=\"281\" src=\"https:\/\/www.youtube.com\/embed\/zkCsSdcVa6w?feature=oembed\" frameborder=\"0\" allow=\"accelerometer; autoplay; clipboard-write; encrypted-media; gyroscope; picture-in-picture; web-share\" allowfullscreen><\/iframe><\/p>\n<p>\u00a0<\/p>\n<p><iframe loading=\"lazy\" title=\"Fidan Hac\u0131yeva - G\u00f6zl\u0259rin mat\u0259mi, Hirosima (B\u0259st\u0259kar - \u018fdil\u0259 H\u00fcseynzad\u0259)\" width=\"500\" height=\"281\" src=\"https:\/\/www.youtube.com\/embed\/e02MuvRWJA8?start=34&#038;feature=oembed\" frameborder=\"0\" allow=\"accelerometer; autoplay; clipboard-write; encrypted-media; gyroscope; picture-in-picture; web-share\" allowfullscreen><\/iframe><\/p>\n<p>\u00a0<\/p>\n<p><iframe loading=\"lazy\" title=\"B\u0259st\u0259kar \u018fdil\u0259 H\u00fcseynzad\u0259 haqq\u0131nda verili\u015f - Yada d\u00fc\u015f\u0259r Xatir\u0259l\u0259r- M\u0259d\u0259niyy\u0259t tv  (25.03.2018)\" width=\"500\" height=\"281\" src=\"https:\/\/www.youtube.com\/embed\/r1UEUIbVzas?feature=oembed\" frameborder=\"0\" allow=\"accelerometer; autoplay; clipboard-write; encrypted-media; gyroscope; picture-in-picture; web-share\" allowfullscreen><\/iframe><\/p>\n<p>\u00a0<\/p>\n<p><iframe loading=\"lazy\" title=\"Violon\u00e7el v\u0259 fortepiano \u00fc\u00e7\u00fcn Sonatina - B\u0259st\u0259kar: \u018fdil\u0259 H\u00fcseynzad\u0259\" width=\"500\" height=\"281\" src=\"https:\/\/www.youtube.com\/embed\/R-efNcX38Ls?start=37&#038;feature=oembed\" frameborder=\"0\" allow=\"accelerometer; autoplay; clipboard-write; encrypted-media; gyroscope; picture-in-picture; web-share\" allowfullscreen><\/iframe><\/p>\n<p>\u00a0<\/p>\n<div style=\"width: 720px;\" class=\"wp-video\"><video class=\"wp-video-shortcode\" id=\"video-318-2\" width=\"720\" height=\"576\" preload=\"metadata\" controls=\"controls\"><source type=\"video\/mp4\" src=\"https:\/\/adilehuseynzadeh.com\/wp-content\/uploads\/2018\/04\/bc999stc999karlarc4b1mc4b1zc4b1n-portreti-c999dilc999-hc3bcseyn-zadc999-2006.mp4?_=2\" \/><a href=\"https:\/\/adilehuseynzadeh.com\/wp-content\/uploads\/2018\/04\/bc999stc999karlarc4b1mc4b1zc4b1n-portreti-c999dilc999-hc3bcseyn-zadc999-2006.mp4\">https:\/\/adilehuseynzadeh.com\/wp-content\/uploads\/2018\/04\/bc999stc999karlarc4b1mc4b1zc4b1n-portreti-c999dilc999-hc3bcseyn-zadc999-2006.mp4<\/a><\/video><\/div>\n<p><iframe loading=\"lazy\" title=\"Fidan Hac\u0131yeva - Yadigar (B\u0259st\u0259kar: \u018fdil\u0259 H\u00fcseynzad\u0259).  Bizi birl\u0259\u015fdir\u0259n m\u0259d\u0259niyy\u0259t verili\u015fi\" width=\"500\" height=\"281\" src=\"https:\/\/www.youtube.com\/embed\/yOf4giLGGWg?feature=oembed\" frameborder=\"0\" allow=\"accelerometer; autoplay; clipboard-write; encrypted-media; gyroscope; picture-in-picture; web-share\" allowfullscreen><\/iframe><\/p>","protected":false},"excerpt":{"rendered":"<div class=\"mh-excerpt\"><p>\u00a0 \u200b \u00a0 \u00a0 \u00a0 \u00a0 \u00a0 \u00a0 \u00a0 \u00a0 \u00a0 \u00a0 \u00a0 \u00a0 \u00a0 \u00a0 \u00a0 \u00a0 \u00a0 \u00a0 \u00a0 \u00a0 \u00a0 \u00a0 \u00a0 <a class=\"mh-excerpt-more\" href=\"https:\/\/adilehuseynzadeh.com\/en\/videos\/\" title=\"Videos\">[&#8230;]<\/a><\/p>\n<\/div>","protected":false},"author":1,"featured_media":0,"parent":0,"menu_order":0,"comment_status":"registered_only","ping_status":"closed","template":"","meta":{"footnotes":""},"_links":{"self":[{"href":"https:\/\/adilehuseynzadeh.com\/en\/wp-json\/wp\/v2\/pages\/318"}],"collection":[{"href":"https:\/\/adilehuseynzadeh.com\/en\/wp-json\/wp\/v2\/pages"}],"about":[{"href":"https:\/\/adilehuseynzadeh.com\/en\/wp-json\/wp\/v2\/types\/page"}],"author":[{"embeddable":true,"href":"https:\/\/adilehuseynzadeh.com\/en\/wp-json\/wp\/v2\/users\/1"}],"replies":[{"embeddable":true,"href":"https:\/\/adilehuseynzadeh.com\/en\/wp-json\/wp\/v2\/comments?post=318"}],"version-history":[{"count":117,"href":"https:\/\/adilehuseynzadeh.com\/en\/wp-json\/wp\/v2\/pages\/318\/revisions"}],"predecessor-version":[{"id":3163,"href":"https:\/\/adilehuseynzadeh.com\/en\/wp-json\/wp\/v2\/pages\/318\/revisions\/3163"}],"wp:attachment":[{"href":"https:\/\/adilehuseynzadeh.com\/en\/wp-json\/wp\/v2\/media?parent=318"}],"curies":[{"name":"wp","href":"https:\/\/api.w.org\/{rel}","templated":true}]}}